{"id":20,"date":"2016-12-10T19:27:07","date_gmt":"2016-12-10T17:27:07","guid":{"rendered":"http:\/\/www.minnakahkonen.com\/?page_id=20"},"modified":"2016-12-21T01:20:26","modified_gmt":"2016-12-20T23:20:26","slug":"cv","status":"publish","type":"page","link":"http:\/\/www.minnakahkonen.com\/en\/cv\/","title":{"rendered":"CV"},"content":{"rendered":"<p><a href=\"http:\/\/www.minnakahkonen.com\/wp-content\/uploads\/2016\/12\/kahkonen-cv-eng.pdf\" target=\"_blank\">Download CV (.pdf)<\/a><\/p>\n<p>Minna K\u00e4hk\u00f6nen<br \/>\nBorn 1980 in Porvoo, Finland<br \/>\nLives and works in Lahti, Finland<br \/>\nE-mail: minna.kahkonen@elisanet.fi<\/p>\n<h4>Art Studies<\/h4>\n<p>2008-2009<br \/>\nLahti University of Applied Sciences, specializing studies in fine arts, Lahti, Finland<\/p>\n<p>2008<br \/>\nUniversity of Guelph, Canada<\/p>\n<p>2001-2005<br \/>\nSatakunta University of Applied Sciences, Bachelor of Culture and Arts, Kankaanp\u00e4\u00e4, Finland<\/p>\n<h4>Solo Exhibitions<\/h4>\n<p>2011<br \/>\n<em>Human<\/em>, Art Center Ahjo, Joensuu, Finland<br \/>\n<em>Citizen of Porvoo<\/em>, Culture House Grand, Porvoo, Finland<\/p>\n<p>2010<br \/>\n<em>Individual<\/em>, Gallery Uusi Kipin\u00e4, Lahti, Finland<br \/>\n<em>Portraits<\/em>, gallery Portait\u2019S, Pori, Finland<br \/>\n<em>Images of the Mind<\/em>, S-gallery, Helsinki, Finland<\/p>\n<p>2009<br \/>\n<em>Faces<\/em>, library, Porvoo, Finland<\/p>\n<p>2005<br \/>\n<em>Landscapes of the Mind<\/em>, gallery Postelli, Kankaanp\u00e4\u00e4, Finland<\/p>\n<p>2004<br \/>\nArt Cafe Naula, Kankaanp\u00e4\u00e4, Finland<\/p>\n<h4>Group Exhibitions (selected)<\/h4>\n<p>2016<br \/>\nGallery 5, Oulu, Finland<\/p>\n<p>2013<br \/>\nGallery Mondo, Helsinki, Finland<\/p>\n<p>2011<br \/>\nArt Center Koskisto, Kouvola, Finland &#038;&nbsp;Gallery Pihatto, Lappeenranta, Finland<\/p>\n<p>2010<br \/>\nRegional exhibition of Tavastia, Lahti, Finland<\/p>\n<p>2009<br \/>\nGallery Uusi Kipin\u00e4, Lahti, Finland<br \/>\nArt Center Voipaala, graduation exhibition<\/p>\n<p>2008<br \/>\nBullring, Guelph, Canada<\/p>\n<p>2007<br \/>\nS-gallery, Helsinki, Finland<\/p>\n<p>2006<br \/>\nGallery Nunes, Helsinki, Finland<br \/>\nSein\u00e4joki exhibition hall, Sein\u00e4joki, Finland<\/p>\n<p>2005<br \/>\nGallery Portait, Pori, Finland<br \/>\nGraduation exhibition, Cable Factory, Helsinki, Finland and<br \/>\nart school gallery, Kankaanp\u00e4\u00e4, Finland<\/p>\n<h4>Illustrations<\/h4>\n<p>2016 A book called Keho on leikki, Duodecim &#038; Family Federation of Finland<br \/>\n2015 Part of a website, Family Federation of Finland<br \/>\n2015 Poster, Family Federation of Finland<br \/>\n2014 Series of books called Onnikujan kaverukset I-III, The Family Federation of Finland<br \/>\n2013 Part of a website, Lahti city<\/p>\n<h4>Memberships<\/h4>\n<p>Lahti Artist Association<\/p>\n","protected":false},"excerpt":{"rendered":"<p>Download CV (.pdf) Minna K\u00e4hk\u00f6nen Born 1980 in Porvoo, Finland Lives and works in Lahti, Finland&hellip;<\/p>\n","protected":false},"author":1,"featured_media":0,"parent":0,"menu_order":0,"comment_status":"closed","ping_status":"closed","template":"","meta":{"ngg_post_thumbnail":0,"footnotes":""},"class_list":["post-20","page","type-page","status-publish","hentry"],"yoast_head":"<!-- This site is optimized with the Yoast SEO plugin v27.5 - https:\/\/yoast.com\/product\/yoast-seo-wordpress\/ -->\n<title>CV - Minna K\u00e4hk\u00f6nen<\/title>\n<meta name=\"robots\" content=\"index, follow, max-snippet:-1, max-image-preview:large, max-video-preview:-1\" \/>\n<link rel=\"canonical\" href=\"https:\/\/www.minnakahkonen.com\/en\/cv\/\" \/>\n<meta property=\"og:locale\" content=\"en_US\" \/>\n<meta property=\"og:locale:alternate\" content=\"fi\" \/>\n<meta property=\"og:type\" content=\"article\" \/>\n<meta property=\"og:title\" content=\"CV - Minna K\u00e4hk\u00f6nen\" \/>\n<meta property=\"og:description\" content=\"Download CV (.pdf) Minna K\u00e4hk\u00f6nen Born 1980 in Porvoo, Finland Lives and works in Lahti, Finland&hellip;\" \/>\n<meta property=\"og:url\" content=\"http:\/\/www.minnakahkonen.com\/en\/cv\/\" \/>\n<meta property=\"og:site_name\" content=\"Minna K\u00e4hk\u00f6nen\" \/>\n<meta property=\"article:modified_time\" content=\"2016-12-20T23:20:26+00:00\" \/>\n<meta name=\"twitter:card\" content=\"summary_large_image\" \/>\n<meta name=\"twitter:label1\" content=\"Est. reading time\" \/>\n\t<meta name=\"twitter:data1\" content=\"2 minutes\" \/>\n<script type=\"application\/ld+json\" class=\"yoast-schema-graph\">{\"@context\":\"https:\\\/\\\/schema.org\",\"@graph\":[{\"@type\":\"WebPage\",\"@id\":\"https:\\\/\\\/www.minnakahkonen.com\\\/en\\\/cv\\\/\",\"url\":\"https:\\\/\\\/www.minnakahkonen.com\\\/en\\\/cv\\\/\",\"name\":\"CV - Minna K\u00e4hk\u00f6nen\",\"isPartOf\":{\"@id\":\"https:\\\/\\\/www.minnakahkonen.com\\\/#website\"},\"datePublished\":\"2016-12-10T17:27:07+00:00\",\"dateModified\":\"2016-12-20T23:20:26+00:00\",\"breadcrumb\":{\"@id\":\"https:\\\/\\\/www.minnakahkonen.com\\\/en\\\/cv\\\/#breadcrumb\"},\"inLanguage\":\"en-US\",\"potentialAction\":[{\"@type\":\"ReadAction\",\"target\":[\"https:\\\/\\\/www.minnakahkonen.com\\\/en\\\/cv\\\/\"]}]},{\"@type\":\"BreadcrumbList\",\"@id\":\"https:\\\/\\\/www.minnakahkonen.com\\\/en\\\/cv\\\/#breadcrumb\",\"itemListElement\":[{\"@type\":\"ListItem\",\"position\":1,\"name\":\"Etusivu\",\"item\":\"https:\\\/\\\/www.minnakahkonen.com\\\/\"},{\"@type\":\"ListItem\",\"position\":2,\"name\":\"CV\"}]},{\"@type\":\"WebSite\",\"@id\":\"https:\\\/\\\/www.minnakahkonen.com\\\/#website\",\"url\":\"https:\\\/\\\/www.minnakahkonen.com\\\/\",\"name\":\"Minna K\u00e4hk\u00f6nen\",\"description\":\"Kuvataiteilija\",\"potentialAction\":[{\"@type\":\"SearchAction\",\"target\":{\"@type\":\"EntryPoint\",\"urlTemplate\":\"https:\\\/\\\/www.minnakahkonen.com\\\/?s={search_term_string}\"},\"query-input\":{\"@type\":\"PropertyValueSpecification\",\"valueRequired\":true,\"valueName\":\"search_term_string\"}}],\"inLanguage\":\"en-US\"}]}<\/script>\n<!-- \/ Yoast SEO plugin. -->","yoast_head_json":{"title":"CV - Minna K\u00e4hk\u00f6nen","robots":{"index":"index","follow":"follow","max-snippet":"max-snippet:-1","max-image-preview":"max-image-preview:large","max-video-preview":"max-video-preview:-1"},"canonical":"https:\/\/www.minnakahkonen.com\/en\/cv\/","og_locale":"en_US","og_type":"article","og_title":"CV - Minna K\u00e4hk\u00f6nen","og_description":"Download CV (.pdf) Minna K\u00e4hk\u00f6nen Born 1980 in Porvoo, Finland Lives and works in Lahti, Finland&hellip;","og_url":"http:\/\/www.minnakahkonen.com\/en\/cv\/","og_site_name":"Minna K\u00e4hk\u00f6nen","article_modified_time":"2016-12-20T23:20:26+00:00","twitter_card":"summary_large_image","twitter_misc":{"Est. reading time":"2 minutes"},"schema":{"@context":"https:\/\/schema.org","@graph":[{"@type":"WebPage","@id":"https:\/\/www.minnakahkonen.com\/en\/cv\/","url":"https:\/\/www.minnakahkonen.com\/en\/cv\/","name":"CV - Minna K\u00e4hk\u00f6nen","isPartOf":{"@id":"https:\/\/www.minnakahkonen.com\/#website"},"datePublished":"2016-12-10T17:27:07+00:00","dateModified":"2016-12-20T23:20:26+00:00","breadcrumb":{"@id":"https:\/\/www.minnakahkonen.com\/en\/cv\/#breadcrumb"},"inLanguage":"en-US","potentialAction":[{"@type":"ReadAction","target":["https:\/\/www.minnakahkonen.com\/en\/cv\/"]}]},{"@type":"BreadcrumbList","@id":"https:\/\/www.minnakahkonen.com\/en\/cv\/#breadcrumb","itemListElement":[{"@type":"ListItem","position":1,"name":"Etusivu","item":"https:\/\/www.minnakahkonen.com\/"},{"@type":"ListItem","position":2,"name":"CV"}]},{"@type":"WebSite","@id":"https:\/\/www.minnakahkonen.com\/#website","url":"https:\/\/www.minnakahkonen.com\/","name":"Minna K\u00e4hk\u00f6nen","description":"Kuvataiteilija","potentialAction":[{"@type":"SearchAction","target":{"@type":"EntryPoint","urlTemplate":"https:\/\/www.minnakahkonen.com\/?s={search_term_string}"},"query-input":{"@type":"PropertyValueSpecification","valueRequired":true,"valueName":"search_term_string"}}],"inLanguage":"en-US"}]}},"jetpack_sharing_enabled":true,"_links":{"self":[{"href":"http:\/\/www.minnakahkonen.com\/en\/wp-json\/wp\/v2\/pages\/20","targetHints":{"allow":["GET"]}}],"collection":[{"href":"http:\/\/www.minnakahkonen.com\/en\/wp-json\/wp\/v2\/pages"}],"about":[{"href":"http:\/\/www.minnakahkonen.com\/en\/wp-json\/wp\/v2\/types\/page"}],"author":[{"embeddable":true,"href":"http:\/\/www.minnakahkonen.com\/en\/wp-json\/wp\/v2\/users\/1"}],"replies":[{"embeddable":true,"href":"http:\/\/www.minnakahkonen.com\/en\/wp-json\/wp\/v2\/comments?post=20"}],"version-history":[{"count":10,"href":"http:\/\/www.minnakahkonen.com\/en\/wp-json\/wp\/v2\/pages\/20\/revisions"}],"predecessor-version":[{"id":157,"href":"http:\/\/www.minnakahkonen.com\/en\/wp-json\/wp\/v2\/pages\/20\/revisions\/157"}],"wp:attachment":[{"href":"http:\/\/www.minnakahkonen.com\/en\/wp-json\/wp\/v2\/media?parent=20"}],"curies":[{"name":"wp","href":"https:\/\/api.w.org\/{rel}","templated":true}]}}